{"id":720,"date":"2018-08-28T09:36:33","date_gmt":"2018-08-28T09:36:33","guid":{"rendered":"http:\/\/wpdemo2.oceanthemes.net\/autoser\/?page_id=720"},"modified":"2019-12-30T18:41:48","modified_gmt":"2019-12-30T17:41:48","slug":"reserva-de-mantenimiento-o-cotizacion","status":"publish","type":"page","link":"https:\/\/www.delpyg.com\/Montacargas\/reserva-de-mantenimiento-o-cotizacion\/","title":{"rendered":"Reserva de Mantenimiento o Cotizaci\u00f3n"},"content":{"rendered":"<div class=\"wpb-content-wrapper\"><p>[vc_row css=&#8221;.vc_custom_1533546786675{padding-top: 80px !important;padding-bottom: 80px !important;}&#8221;][vc_column]\n    <div class=\"wprt-headings style-1 clearfix text-center \">\n        <h2 class=\"heading \" >CITA EN L\u00cdNEA RESERVA<\/h2>\n                    <div class=\"sep clearfix\"><\/div>\n        \n                    <div class=\"sub-heading clearfix\"><div class=\"text-wrap tlid-copy-target\">\n<div class=\"result-shield-container tlid-copy-target\" tabindex=\"0\"><span class=\"tlid-translation translation\" lang=\"es\"><span class=\"\" title=\"\">Nuestros profesionales realizar\u00e1n pruebas de diagn\u00f3stico, limpieza y llenado de fluidos, reemplazo del motor, cambios de aceite y revisiones totales del veh\u00edculo.<\/span><\/span><\/div>\n<\/div>\n<\/div>\n            <\/div>\n        \n[vc_column_text]<\/p>\n<div class=\"wprt-spacer clearfix\" data-desktop=\"45\" data-mobi=\"40\" data-smobi=\"40\"><\/div>\n<p>[\/vc_column_text][\/vc_column][vc_column offset=&#8221;vc_col-md-4&#8243;][vc_column_text]<\/p>\n<div class=\"wprt-content-box style-2\">\n<div class=\"wprt-headings style-1 clearfix\">\n<h5 class=\"heading clearfix\">Pasos de reserva o cotizaci\u00f3n<\/h5>\n<\/div>\n<div class=\"wprt-spacer clearfix\" data-desktop=\"30\" data-mobi=\"30\" data-smobi=\"30\"><\/div>\n<div class=\"wprt-icon-box style-5 clearfix icon-left w50 accent-outline outline-type align-left rounded-100 has-width\">\n<div class=\"icon-wrap font-size-20\">1<\/div>\n<p class=\"desc\">Complete el formulario para realizar una reserva o cotizaci\u00f3n.<\/p>\n<\/div>\n<div class=\"wprt-spacer clearfix\" data-desktop=\"25\" data-mobi=\"40\" data-smobi=\"25\"><\/div>\n<div class=\"wprt-icon-box style-5 clearfix icon-left w50 accent-outline outline-type align-left rounded-100 has-width\">\n<div class=\"icon-wrap font-size-20\">2<\/div>\n<p class=\"desc\">Dele clic en enviar una vez llene el formulario.<\/p>\n<\/div>\n<div class=\"wprt-spacer clearfix\" data-desktop=\"25\" data-mobi=\"40\" data-smobi=\"25\"><\/div>\n<div class=\"wprt-icon-box style-5 clearfix icon-left w50 accent-outline outline-type align-left rounded-100 has-width\">\n<div class=\"icon-wrap font-size-20\">3<\/div>\n<p class=\"desc\">Un agente se pondr\u00e1 en contacto con usted por tel\u00e9fono o correo electr\u00f3nico para ayudarle con su solicitud.<\/p>\n<\/div>\n<\/div>\n<div class=\"wprt-spacer clearfix\" data-desktop=\"42\" data-mobi=\"31\" data-smobi=\"31\"><\/div>\n<p>[\/vc_column_text][vc_column_text css=&#8221;.vc_custom_1577727705434{margin-bottom: 40px !important;}&#8221;]<\/p>\n<div class=\"wprt-content-box style-2\">\n<div class=\"wprt-icon-box style-6 clearfix icon-top w70 accent-bg align-left rounded-100 has-width\">\n<h3 class=\"heading margin-top-10 font-weight-600\"><a href=\"#\">OBTEN 5% DE DESCUENTO<\/a><\/h3>\n<p class=\"desc\">Por la reserva o cotizaci\u00f3n en linea recibe un 5% de descuento.<\/p>\n<p><!--\n\n\n<div class=\"elm-btn\"><a class=\"small wprt-button accent\" href=\"#\">Click for Detail<\/a><\/div>\n\n\n--><\/p>\n<\/div>\n<p><!-- \/.wprt-icon-box --><\/div>\n<p>[\/vc_column_text][\/vc_column][vc_column offset=&#8221;vc_col-md-8&#8243;]\n<div class=\"wpcf7 no-js\" id=\"wpcf7-f719-o1\" lang=\"en-US\" dir=\"ltr\" data-wpcf7-id=\"719\">\n<div class=\"screen-reader-response\"><p role=\"status\" aria-live=\"polite\" aria-atomic=\"true\"><\/p> <ul><\/ul><\/div>\n<form action=\"\/Montacargas\/wp-json\/wp\/v2\/pages\/720#wpcf7-f719-o1\" method=\"post\" class=\"wpcf7-form init\" aria-label=\"Contact form\" novalidate=\"novalidate\" data-status=\"init\">\n<div style=\"display: none;\">\n<input type=\"hidden\" name=\"_wpcf7\" value=\"719\" \/>\n<input type=\"hidden\" name=\"_wpcf7_version\" value=\"6.0.1\" \/>\n<input type=\"hidden\" name=\"_wpcf7_locale\" value=\"en_US\" \/>\n<input type=\"hidden\" name=\"_wpcf7_unit_tag\" value=\"wpcf7-f719-o1\" \/>\n<input type=\"hidden\" name=\"_wpcf7_container_post\" value=\"0\" \/>\n<input type=\"hidden\" name=\"_wpcf7_posted_data_hash\" value=\"\" \/>\n<\/div>\n<div class=\"wprt-appointment-form\">\n\t<div class=\"appointment-form\">\n\t\t<div class=\"contact-wrap clearfix\">\n\t\t\t<div class=\"wprt-divider has-icon height-1px\">\n\t\t\t\t<div class=\"divider-icon\">\n\t\t\t\t\t<p><span class=\"divider-icon-before divider-center divider-double\"><\/span>\n\t\t\t\t\t<\/p>\n\t\t\t\t\t<h2 class=\"title\">Informaci\u00f3n de contacto\n\t\t\t\t\t<\/h2>\n\t\t\t\t\t<p><span class=\"divider-icon-after divider-center divider-double\"><\/span>\n\t\t\t\t\t<\/p>\n\t\t\t\t<\/div>\n\t\t\t<\/div>\n\t\t\t<div class=\"wprt-spacer clearfix\" data-desktop=\"15\" data-mobi=\"15\" data-smobi=\"15\">\n\t\t\t<\/div>\n\t\t\t<div class=\"form-control-wrap your-name\">\n\t\t\t\t<p><span class=\"wpcf7-form-control-wrap\" data-name=\"your-name\"><input size=\"40\" maxlength=\"400\" class=\"wpcf7-form-control wpcf7-text wpcf7-validates-as-required form-control\" aria-required=\"true\" aria-invalid=\"false\" placeholder=\"Nombre y Apellido *\" value=\"\" type=\"text\" name=\"your-name\" \/><\/span>\n\t\t\t\t<\/p>\n\t\t\t<\/div>\n\t\t\t<div class=\"form-control-wrap your-phone\">\n\t\t\t\t<p><span class=\"wpcf7-form-control-wrap\" data-name=\"your-phone\"><input size=\"40\" maxlength=\"400\" class=\"wpcf7-form-control wpcf7-tel wpcf7-validates-as-required wpcf7-text wpcf7-validates-as-tel form-control\" aria-required=\"true\" aria-invalid=\"false\" placeholder=\"N\u00famero de tel\u00e9fono *\" value=\"\" type=\"tel\" name=\"your-phone\" \/><\/span>\n\t\t\t\t<\/p>\n\t\t\t<\/div>\n\t\t\t<div class=\"form-control-wrap your-email\">\n\t\t\t\t<p><span class=\"wpcf7-form-control-wrap\" data-name=\"your-email\"><input size=\"40\" maxlength=\"400\" class=\"wpcf7-form-control wpcf7-email wpcf7-validates-as-required wpcf7-text wpcf7-validates-as-email form-control\" aria-required=\"true\" aria-invalid=\"false\" placeholder=\"E-mail *\" value=\"\" type=\"email\" name=\"your-email\" \/><\/span>\n\t\t\t\t<\/p>\n\t\t\t<\/div>\n\t\t\t<div class=\"form-control-wrap your-prefer\">\n\t\t\t\t<p>Como prefiere que le contacte?\n\t\t\t\t<\/p>\n\t\t\t\t<p><span class=\"wpcf7-form-control-wrap\" data-name=\"method\"><span class=\"wpcf7-form-control wpcf7-radio\"><span class=\"wpcf7-list-item first\"><label><input type=\"radio\" name=\"method\" value=\"Tel\u00e9fono\" checked=\"checked\" \/><span class=\"wpcf7-list-item-label\">Tel\u00e9fono<\/span><\/label><\/span><span class=\"wpcf7-list-item\"><label><input type=\"radio\" name=\"method\" value=\"Email\" \/><span class=\"wpcf7-list-item-label\">Email<\/span><\/label><\/span><span class=\"wpcf7-list-item last\"><label><input type=\"radio\" name=\"method\" value=\"Otro M\u00e9todo\" \/><span class=\"wpcf7-list-item-label\">Otro M\u00e9todo<\/span><\/label><\/span><\/span><\/span>\n\t\t\t\t<\/p>\n\t\t\t<\/div>\n\t\t<\/div>\n\t\t<div class=\"wprt-spacer clearfix\" data-desktop=\"22\" data-mobi=\"22\" data-smobi=\"22\">\n\t\t<\/div>\n\t\t<div class=\"vehicle-wrap clearfix\">\n\t\t\t<div class=\"wprt-divider has-icon height-1px\">\n\t\t\t\t<div class=\"divider-icon\">\n\t\t\t\t\t<p><span class=\"divider-icon-before divider-center divider-double\"><\/span>\n\t\t\t\t\t<\/p>\n\t\t\t\t\t<h2 class=\"title\">Informaci\u00f3n que requiere\n\t\t\t\t\t<\/h2>\n\t\t\t\t\t<p><span class=\"divider-icon-after divider-center divider-double\"><\/span>\n\t\t\t\t\t<\/p>\n\t\t\t\t<\/div>\n\t\t\t<\/div>\n\t\t\t<div class=\"wprt-spacer clearfix\" data-desktop=\"15\" data-mobi=\"15\" data-smobi=\"15\">\n\t\t\t<\/div>\n\t\t\t<p><span class=\"wpcf7-form-control-wrap\" data-name=\"your-make\"><input size=\"40\" maxlength=\"400\" class=\"wpcf7-form-control wpcf7-text form-control\" aria-invalid=\"false\" placeholder=\"Marca\" value=\"\" type=\"text\" name=\"your-make\" \/><\/span><br \/>\n<span class=\"wpcf7-form-control-wrap\" data-name=\"your-model\"><input size=\"40\" maxlength=\"400\" class=\"wpcf7-form-control wpcf7-text form-control\" aria-invalid=\"false\" placeholder=\"Modelo\" value=\"\" type=\"text\" name=\"your-model\" \/><\/span><br \/>\n<span class=\"wpcf7-form-control-wrap\" data-name=\"your-year\"><input size=\"40\" maxlength=\"400\" class=\"wpcf7-form-control wpcf7-text form-control\" aria-invalid=\"false\" placeholder=\"A\u00f1o\" value=\"\" type=\"text\" name=\"your-year\" \/><\/span><br \/>\n<span class=\"wpcf7-form-control-wrap\" data-name=\"your-mileage\"><input size=\"40\" maxlength=\"400\" class=\"wpcf7-form-control wpcf7-text form-control\" aria-invalid=\"false\" placeholder=\"Kilometraje\" value=\"\" type=\"text\" name=\"your-mileage\" \/><\/span><br \/>\n<span class=\"wpcf7-form-control-wrap\" data-name=\"your-license\"><input size=\"40\" maxlength=\"400\" class=\"wpcf7-form-control wpcf7-text form-control\" aria-invalid=\"false\" placeholder=\"Licencia\" value=\"\" type=\"text\" name=\"your-license\" \/><\/span><br \/>\nPor favor seleccione el servicio que requiere:<br \/>\n<span class=\"wpcf7-form-control-wrap\" data-name=\"needed\"><span class=\"wpcf7-form-control wpcf7-radio\"><span class=\"wpcf7-list-item first\"><label><input type=\"radio\" name=\"needed\" value=\"Mantenimiento\" checked=\"checked\" \/><span class=\"wpcf7-list-item-label\">Mantenimiento<\/span><\/label><\/span><span class=\"wpcf7-list-item\"><label><input type=\"radio\" name=\"needed\" value=\"Reparaci\u00f3n\" \/><span class=\"wpcf7-list-item-label\">Reparaci\u00f3n<\/span><\/label><\/span><span class=\"wpcf7-list-item last\"><label><input type=\"radio\" name=\"needed\" value=\"Cotizar\" \/><span class=\"wpcf7-list-item-label\">Cotizar<\/span><\/label><\/span><\/span><\/span>\n\t\t\t<\/p>\n\t\t<\/div>\n\t\t<div class=\"wprt-spacer clearfix\" data-desktop=\"22\" data-mobi=\"22\" data-smobi=\"22\">\n\t\t<\/div>\n\t\t<div class=\"addition-wrap\">\n\t\t\t<p><span class=\"form-control-wrap your-message\"><br \/>\n<span class=\"wpcf7-form-control-wrap\" data-name=\"your-message\"><textarea cols=\"40\" rows=\"10\" maxlength=\"2000\" class=\"wpcf7-form-control wpcf7-textarea textarea\" aria-invalid=\"false\" placeholder=\"Escriba su petici\u00f3n de cotizaci\u00f3n o mantenimiento... *\" name=\"your-message\"><\/textarea><\/span><br \/>\n<\/span>\n\t\t\t<\/p>\n\t\t<\/div>\n\t\t<div class=\"wrap-submit\">\n\t\t\t<p><input class=\"wpcf7-form-control wpcf7-submit has-spinner submit\" type=\"submit\" value=\"ENVIAR MENSAJE\" \/>\n\t\t\t<\/p>\n\t\t<\/div>\n\t<\/div>\n<\/div><div class=\"wpcf7-response-output\" aria-hidden=\"true\"><\/div>\n<\/form>\n<\/div>\n[\/vc_column][\/vc_row][vc_row disable_element=&#8221;yes&#8221; el_class=&#8221;bg-accent&#8221;][vc_column]\n    <div class=\"wprt-action-box style-1 has-icon \">\n        <div class=\"inner\">\n            <div class=\"heading-wrap\">\n                <div class=\"text-wrap\">\n                    <h3 class=\"heading\">Fixed Price MOT Test includes a Comprehensive Safety Check<\/h3>\n                    <span class=\"icon\"><i class=\"as-icon-speedometer2\"><\/i><\/span> \n                <\/div>\n            <\/div>\n            <div class=\"button-wrap\">\n                <a class=\"wprt-button white rounded-3px\" href=\"http:\/\/wpdemo2.oceanthemes.net\/autoser\/contact-us\/\" target=\"_self\">CONTACT US<\/a>            <\/div>\n        <\/div>\n    <\/div>\n\n[\/vc_column][\/vc_row]<\/p>\n<\/div>","protected":false},"excerpt":{"rendered":"<p>[vc_row css=&#8221;.vc_custom_1533546786675{padding-top: 80px !important;padding-bottom: 80px !important;}&#8221;][vc_column][vc_column_text] [\/vc_column_text][\/vc_column][vc_column offset=&#8221;vc_col-md-4&#8243;][vc_column_text] Pasos de reserva o cotizaci\u00f3n 1 Complete el formulario para realizar una reserva o cotizaci\u00f3n. 2 Dele clic en enviar una vez llene el formulario. 3 Un agente se pondr\u00e1 en contacto con usted por tel\u00e9fono o correo electr\u00f3nico para ayudarle con su solicitud. [\/vc_column_text][vc_column_text css=&#8221;.vc_custom_1577727705434{margin-bottom: 40px [&hellip;]<\/p>\n","protected":false},"author":1,"featured_media":0,"parent":0,"menu_order":0,"comment_status":"closed","ping_status":"closed","template":"page-templates\/template-fullwidth.php","meta":{"_joinchat":[],"footnotes":""},"class_list":["post-720","page","type-page","status-publish","hentry"],"_links":{"self":[{"href":"https:\/\/www.delpyg.com\/Montacargas\/wp-json\/wp\/v2\/pages\/720","targetHints":{"allow":["GET"]}}],"collection":[{"href":"https:\/\/www.delpyg.com\/Montacargas\/wp-json\/wp\/v2\/pages"}],"about":[{"href":"https:\/\/www.delpyg.com\/Montacargas\/wp-json\/wp\/v2\/types\/page"}],"author":[{"embeddable":true,"href":"https:\/\/www.delpyg.com\/Montacargas\/wp-json\/wp\/v2\/users\/1"}],"replies":[{"embeddable":true,"href":"https:\/\/www.delpyg.com\/Montacargas\/wp-json\/wp\/v2\/comments?post=720"}],"version-history":[{"count":0,"href":"https:\/\/www.delpyg.com\/Montacargas\/wp-json\/wp\/v2\/pages\/720\/revisions"}],"wp:attachment":[{"href":"https:\/\/www.delpyg.com\/Montacargas\/wp-json\/wp\/v2\/media?parent=720"}],"curies":[{"name":"wp","href":"https:\/\/api.w.org\/{rel}","templated":true}]}}