{"id":1071,"date":"2024-04-20T04:31:44","date_gmt":"2024-04-20T02:31:44","guid":{"rendered":"https:\/\/www.delpyg.com\/Montacargas\/?post_type=product&#038;p=1071"},"modified":"2024-05-09T23:40:43","modified_gmt":"2024-05-09T21:40:43","slug":"xe-series-electric-forklift-truck-with-lithium-power-1-5-3-8t","status":"publish","type":"product","link":"https:\/\/www.delpyg.com\/Montacargas\/product\/xe-series-electric-forklift-truck-with-lithium-power-1-5-3-8t\/","title":{"rendered":"XE Series Electric Forklift Truck With Lithium Power 1.5-3.8t"},"content":{"rendered":"<div class=\"wpb-content-wrapper\"><p>[vc_row][vc_column][vc_column_text]<\/p>\n<p style=\"text-align: justify;\">Las montacargas de la serie XE con bater\u00eda de litio son productos de alta calidad desarrollados por Hangcha sobre la base de las ventajas de la &#8220;estructura especial de la bater\u00eda de litio&#8221; y la &#8220;tecnolog\u00eda s\u00edncrona de im\u00e1n permanente&#8221;. Tiene dos modelos, uno es el modelo est\u00e1ndar y el otro es el modelo de trabajo pesado. Siguiendo el dise\u00f1o familiar de las montacargas el\u00e9ctricas, est\u00e1n provistos de algunas partes clave compatibles con las montacargas de combusti\u00f3n interna, y optimizados principalmente en cuanto al rendimiento general, la ergonom\u00eda, la confiabilidad, el mantenimiento, la capacidad de operaci\u00f3n al aire libre y la capacidad de carga con el fin de satisfacer los escenarios de uso de los clientes de las montacargas de combusti\u00f3n interna. El modelo de trabajo pesado es capaz de satisfacer la demanda de aplicaci\u00f3n de los usuarios en condiciones de trabajo pesado.<\/p>\n<p>[\/vc_column_text][vc_empty_space height=&#8221;60px&#8221;][\/vc_column][\/vc_row][vc_row][vc_column width=&#8221;1\/3&#8243;][vc_single_image image=&#8221;1073&#8243; img_size=&#8221;full&#8221;][vc_custom_heading text=&#8221;SISTEMA DOBLE DE MOTORES S\u00cdNCRONOS DE IM\u00c1N PERMANENTE.&#8221; font_container=&#8221;tag:h6|text_align:center&#8221; google_fonts=&#8221;font_family:GFS%20Neohellenic%3Aregular%2Citalic%2C700%2C700italic|font_style:700%20bold%20regular%3A700%3Anormal&#8221;][\/vc_column][vc_column width=&#8221;1\/3&#8243;][vc_single_image image=&#8221;1074&#8243; img_size=&#8221;full&#8221;][vc_custom_heading text=&#8221;Montacargas dise\u00f1ado ergon\u00f3micamente para una amplia visi\u00f3n.&#8221; font_container=&#8221;tag:h6|text_align:center&#8221; google_fonts=&#8221;font_family:GFS%20Neohellenic%3Aregular%2Citalic%2C700%2C700italic|font_style:700%20bold%20regular%3A700%3Anormal&#8221;][\/vc_column][vc_column width=&#8221;1\/3&#8243;][vc_single_image image=&#8221;1075&#8243; img_size=&#8221;full&#8221;]\n    <div class=\"wprt-headings style-1 clearfix text-center \">\n        <h4 class=\"heading \" >Incremento en la distancia al suelo.<\/h4>\n        \n            <\/div>\n        \n[\/vc_column][\/vc_row][vc_row][vc_column][vc_empty_space height=&#8221;60px&#8221;][\/vc_column][\/vc_row][vc_row][vc_column width=&#8221;1\/2&#8243;]\n    <div class=\"wprt-accordions style-2 \">\n                <div class=\"accordion-item no-icon active\">\n            <h3 class=\"accordion-heading\">\n                <span class=\"inner\">Exterior elegante.<\/span>\n            <\/h3>\n            <div class=\"accordion-content\">\n                Siguiendo el dise\u00f1o exterior familiar de las montacargas con bater\u00eda de litio XH y XC; presumiendo l\u00edneas de contorno suaves y poderosas, y un cuerpo de veh\u00edculo simple y elegante, y presentando tanto moda como solidez en conjunto.            <\/div>\n        <\/div>\n                <div class=\"accordion-item no-icon \">\n            <h3 class=\"accordion-heading\">\n                <span class=\"inner\">Experiencia confortable<\/span>\n            <\/h3>\n            <div class=\"accordion-content\">\n                Con las ventajas de las montacargas con bater\u00eda de litio, esta montacargas dise\u00f1ada ergon\u00f3micamente permite una vista amplia y un espacio de operaci\u00f3n grande. Los instrumentos a color de pantalla est\u00e1n dise\u00f1ados con interfaces gr\u00e1ficas claras e intuitivas. El freno de mano electr\u00f3nico opcional permite una experiencia de conducci\u00f3n m\u00e1s c\u00f3moda.            <\/div>\n        <\/div>\n                <div class=\"accordion-item no-icon \">\n            <h3 class=\"accordion-heading\">\n                <span class=\"inner\">Escenarios flexibles<\/span>\n            <\/h3>\n            <div class=\"accordion-content\">\n                Viaje suave: aumento en la distancia al suelo, para adaptarse a caminos exteriores dif\u00edciles; Giro flexible: radio de giro reducido, para permitir maniobras flexibles en entornos interiores como c\u00e1maras frigor\u00edficas (opcional); Sin miedo al fr\u00edo: la bater\u00eda est\u00e1 equipada con un m\u00f3dulo de calentamiento el\u00e9ctrico est\u00e1ndar, para garantizar un funcionamiento normal en clima fr\u00edo; Sin miedo al viento y la lluvia: IPX4 para toda la montacargas, para lograr f\u00e1cilmente resistencia al agua de nivel de tormenta.            <\/div>\n        <\/div>\n            <\/div>\n        \n[\/vc_column][vc_column width=&#8221;1\/2&#8243;]\n    <div class=\"wprt-accordions style-2 \">\n                <div class=\"accordion-item no-icon \">\n            <h3 class=\"accordion-heading\">\n                <span class=\"inner\">Ahorro eficiente de energ\u00eda<\/span>\n            <\/h3>\n            <div class=\"accordion-content\">\n                Un motor eficiente de alto torque junto con una caja de cambios de alta relaci\u00f3n de velocidad mejora significativamente la velocidad de desplazamiento, la capacidad de pendiente y la velocidad de elevaci\u00f3n; El ventilador refrigerado por aire incorporado en los motores de desplazamiento y elevaci\u00f3n permite una mejor disipaci\u00f3n del calor y una realizaci\u00f3n de rendimiento m\u00e1s completa; Se introducen reductores de bomba de aceite en los dispositivos de bomba de aceite por primera vez, lo que permite que el motor de elevaci\u00f3n funcione de manera m\u00e1s eficiente y con mayor ahorro de energ\u00eda; El sistema de doble motor s\u00edncrono de im\u00e1n permanente de 80V permite una mayor densidad de potencia, y a trav\u00e9s de una coincidencia profunda de la caja de cambios, los motores y los controles electr\u00f3nicos, reduce el consumo de energ\u00eda en un 15% a 20% en comparaci\u00f3n con los modelos tradicionales de motor as\u00edncrono en las mismas condiciones de trabajo.            <\/div>\n        <\/div>\n                <div class=\"accordion-item no-icon \">\n            <h3 class=\"accordion-heading\">\n                <span class=\"inner\">Confiabilidad y durabilidad<\/span>\n            <\/h3>\n            <div class=\"accordion-content\">\n                El eje de transmisi\u00f3n mejorado y la caja de cambios con el m\u00e1stil, los ejes de direcci\u00f3n con rodamientos de rodillos c\u00f3nicos (para el modelo de trabajo pesado) y neum\u00e1ticos grandes para montacargas de combusti\u00f3n interna pueden satisfacer la demanda de aplicaci\u00f3n en condiciones de trabajo pesado; Se dise\u00f1an un centro de gravedad bajo y un margen de carga alto para un trabajo m\u00e1s estable.            <\/div>\n        <\/div>\n            <\/div>\n        \n[\/vc_column][\/vc_row][vc_row][vc_column][vc_empty_space height=&#8221;60px&#8221;][\/vc_column][\/vc_row][vc_row][vc_column][vc_single_image image=&#8221;1076&#8243; img_size=&#8221;full&#8221;][\/vc_column][\/vc_row][vc_row][vc_column][vc_empty_space height=&#8221;60px&#8221;][\/vc_column][\/vc_row][vc_row][vc_column width=&#8221;1\/2&#8243;][vc_video link=&#8221;https:\/\/youtu.be\/ZgqGm_shJaA&#8221; align=&#8221;center&#8221;][\/vc_column][vc_column width=&#8221;1\/2&#8243; css=&#8221;.vc_custom_1713581268318{margin-top: 50px !important;}&#8221;][vc_btn title=&#8221;DESCARGAR FICHA T\u00c9CNICA&#8221; style=&#8221;classic&#8221; color=&#8221;orange&#8221; align=&#8221;center&#8221; i_align=&#8221;right&#8221; i_icon_fontawesome=&#8221;fas fa-angle-double-down&#8221; button_block=&#8221;true&#8221; add_icon=&#8221;true&#8221; link=&#8221;url:https%3A%2F%2Fwww.delpyg.com%2FMontacargas%2Fproduct%2Fxe-series-electric-forklift-truck-with-lithium-power-1-5-3-8t%2F|title:DESCARGAR%20FICHA%20T%C3%89CNICA|target:_blank&#8221;][\/vc_column][\/vc_row]<\/p>\n<\/div>","protected":false},"excerpt":{"rendered":"<p>[vc_row][vc_column][vc_column_text] Las montacargas de la serie XE con bater\u00eda de litio son productos de alta calidad desarrollados por Hangcha sobre la base de las ventajas de la &#8220;estructura especial de la bater\u00eda de litio&#8221; y la &#8220;tecnolog\u00eda s\u00edncrona de im\u00e1n permanente&#8221;. Tiene dos modelos, uno es el modelo est\u00e1ndar y el otro es el modelo [&hellip;]<\/p>\n","protected":false},"featured_media":1077,"template":"","meta":{"_joinchat":[]},"product_cat":[89,88,87],"product_tag":[],"class_list":{"0":"post-1071","1":"product","2":"type-product","3":"status-publish","4":"has-post-thumbnail","6":"product_cat-electricos","7":"product_cat-hangcha","8":"product_cat-montacargas","10":"first","11":"instock","12":"taxable","13":"shipping-taxable","14":"purchasable","15":"product-type-simple"},"_links":{"self":[{"href":"https:\/\/www.delpyg.com\/Montacargas\/wp-json\/wp\/v2\/product\/1071","targetHints":{"allow":["GET"]}}],"collection":[{"href":"https:\/\/www.delpyg.com\/Montacargas\/wp-json\/wp\/v2\/product"}],"about":[{"href":"https:\/\/www.delpyg.com\/Montacargas\/wp-json\/wp\/v2\/types\/product"}],"wp:featuredmedia":[{"embeddable":true,"href":"https:\/\/www.delpyg.com\/Montacargas\/wp-json\/wp\/v2\/media\/1077"}],"wp:attachment":[{"href":"https:\/\/www.delpyg.com\/Montacargas\/wp-json\/wp\/v2\/media?parent=1071"}],"wp:term":[{"taxonomy":"product_cat","embeddable":true,"href":"https:\/\/www.delpyg.com\/Montacargas\/wp-json\/wp\/v2\/product_cat?post=1071"},{"taxonomy":"product_tag","embeddable":true,"href":"https:\/\/www.delpyg.com\/Montacargas\/wp-json\/wp\/v2\/product_tag?post=1071"}],"curies":[{"name":"wp","href":"https:\/\/api.w.org\/{rel}","templated":true}]}}