{"id":1243,"date":"2024-05-06T21:33:18","date_gmt":"2024-05-06T19:33:18","guid":{"rendered":"https:\/\/www.delpyg.com\/Montacargas\/?post_type=product&#038;p=1243"},"modified":"2024-05-09T23:33:16","modified_gmt":"2024-05-09T21:33:16","slug":"xc-serie-4-w-1-5-3-5t","status":"publish","type":"product","link":"https:\/\/www.delpyg.com\/Montacargas\/product\/xc-serie-4-w-1-5-3-5t\/","title":{"rendered":"XC Serie 4 W 1.5-3.5t"},"content":{"rendered":"<div class=\"wpb-content-wrapper\"><p>[vc_row][vc_column][vc_column_text]<\/p>\n<div class=\"flex-1 overflow-hidden\">\n<div class=\"react-scroll-to-bottom--css-ocrlf-79elbk h-full\">\n<div class=\"react-scroll-to-bottom--css-ocrlf-1n7m0yu\">\n<div class=\"flex flex-col text-sm pb-9\">\n<div class=\"w-full text-token-text-primary\" dir=\"auto\" data-testid=\"conversation-turn-69\">\n<div class=\"px-4 py-2 justify-center text-base md:gap-6 m-auto\">\n<div class=\"flex flex-1 text-base mx-auto gap-3 juice:gap-4 juice:md:gap-6 md:px-5 lg:px-1 xl:px-5 md:max-w-3xl lg:max-w-[40rem] xl:max-w-[48rem]\">\n<div class=\"relative flex w-full min-w-0 flex-col agent-turn\">\n<div class=\"flex-col gap-1 md:gap-3\">\n<div class=\"flex flex-grow flex-col max-w-full\">\n<div class=\"min-h-[20px] text-message flex flex-col items-start gap-3 whitespace-pre-wrap break-words [.text-message+&amp;]:mt-5 overflow-x-auto\" dir=\"auto\" data-message-author-role=\"assistant\" data-message-id=\"cdbc9b9f-7f5a-428e-bcc7-fea01ea9980d\">\n<div class=\"markdown prose w-full break-words dark:prose-invert light\">\n<p>La nueva serie XC 4-5t de montacargas el\u00e9ctricos de energ\u00eda renovable extiende su capacidad de carga sobre la base de los veh\u00edculos con bater\u00edas de litio de la serie XC 1-3.5t de Hangcha Group. Toda la serie incluye modelos con bater\u00edas de litio desarrollados espec\u00edficamente seg\u00fan las caracter\u00edsticas de estas bater\u00edas.<\/p>\n<\/div>\n<\/div>\n<\/div>\n<\/div>\n<\/div>\n<\/div>\n<\/div>\n<\/div>\n<\/div>\n<\/div>\n<\/div>\n<\/div>\n<p>[\/vc_column_text][vc_empty_space height=&#8221;60px&#8221;][\/vc_column][\/vc_row][vc_row][vc_column width=&#8221;1\/3&#8243;][vc_single_image image=&#8221;1244&#8243; img_size=&#8221;full&#8221;][vc_custom_heading text=&#8221;Detalle 01&#8243; font_container=&#8221;tag:h6|text_align:center&#8221; google_fonts=&#8221;font_family:GFS%20Neohellenic%3Aregular%2Citalic%2C700%2C700italic|font_style:700%20bold%20regular%3A700%3Anormal&#8221;][\/vc_column][vc_column width=&#8221;1\/3&#8243;][vc_single_image image=&#8221;1245&#8243; img_size=&#8221;full&#8221;][vc_custom_heading text=&#8221;Detalle 02&#8243; font_container=&#8221;tag:h6|text_align:center&#8221; google_fonts=&#8221;font_family:GFS%20Neohellenic%3Aregular%2Citalic%2C700%2C700italic|font_style:700%20bold%20regular%3A700%3Anormal&#8221;][\/vc_column][vc_column width=&#8221;1\/3&#8243;][vc_single_image image=&#8221;1246&#8243; img_size=&#8221;full&#8221;][vc_custom_heading text=&#8221;Detalle 03&#8243; font_container=&#8221;tag:h6|text_align:center&#8221; google_fonts=&#8221;font_family:GFS%20Neohellenic%3Aregular%2Citalic%2C700%2C700italic|font_style:700%20bold%20regular%3A700%3Anormal&#8221;][\/vc_column][\/vc_row][vc_row][vc_column width=&#8221;1\/3&#8243;][vc_single_image image=&#8221;1247&#8243; img_size=&#8221;full&#8221;][vc_custom_heading text=&#8221;Detalle 04&#8243; font_container=&#8221;tag:h6|text_align:center&#8221; google_fonts=&#8221;font_family:GFS%20Neohellenic%3Aregular%2Citalic%2C700%2C700italic|font_style:700%20bold%20regular%3A700%3Anormal&#8221;][\/vc_column][vc_column width=&#8221;1\/3&#8243;][vc_single_image image=&#8221;1248&#8243; img_size=&#8221;full&#8221;][vc_custom_heading text=&#8221;Detalle 05&#8243; font_container=&#8221;tag:h6|text_align:center&#8221; google_fonts=&#8221;font_family:GFS%20Neohellenic%3Aregular%2Citalic%2C700%2C700italic|font_style:700%20bold%20regular%3A700%3Anormal&#8221;][\/vc_column][\/vc_row][vc_row][vc_column][vc_empty_space height=&#8221;60px&#8221;][\/vc_column][\/vc_row][vc_row][vc_column width=&#8221;1\/2&#8243;]\n    <div class=\"wprt-accordions style-2 \">\n                <div class=\"accordion-item no-icon active\">\n            <h3 class=\"accordion-heading\">\n                <span class=\"inner\">Ventajas<\/span>\n            <\/h3>\n            <div class=\"accordion-content\">\n                Se utiliza un motor de bomba de CA de ultra alta potencia. El sistema cuenta con alta eficiencia, funciones de protecci\u00f3n completas, sensores de velocidad y temperatura incorporados, lo que mejora en gran medida la fiabilidad y la vida \u00fatil.            <\/div>\n        <\/div>\n                <div class=\"accordion-item no-icon \">\n            <h3 class=\"accordion-heading\">\n                <span class=\"inner\">Comodidad<\/span>\n            <\/h3>\n            <div class=\"accordion-content\">\n                Debido al bajo centro de gravedad y a la buena estabilidad, el conductor se siente c\u00f3modo al girar.            <\/div>\n        <\/div>\n                <div class=\"accordion-item no-icon \">\n            <h3 class=\"accordion-heading\">\n                <span class=\"inner\">Seguridad<\/span>\n            <\/h3>\n            <div class=\"accordion-content\">\n                La funci\u00f3n opcional de bloqueo de descenso puede desactivar la funci\u00f3n de descenso cuando el conductor abandona el asiento, lo que permite una alta seguridad.            <\/div>\n        <\/div>\n            <\/div>\n        \n[\/vc_column][vc_column width=&#8221;1\/2&#8243;]\n    <div class=\"wprt-accordions style-2 \">\n                <div class=\"accordion-item no-icon \">\n            <h3 class=\"accordion-heading\">\n                <span class=\"inner\">Mantenimiento<\/span>\n            <\/h3>\n            <div class=\"accordion-content\">\n                El motor de accionamiento con un alto nivel de protecci\u00f3n es a prueba de polvo y agua, lo que lo hace altamente confiable.            <\/div>\n        <\/div>\n                <div class=\"accordion-item no-icon \">\n            <h3 class=\"accordion-heading\">\n                <span class=\"inner\"> Accesorios Principales<\/span>\n            <\/h3>\n            <div class=\"accordion-content\">\n                El interruptor de corte de emergencia equipado con la configuraci\u00f3n est\u00e1ndar cumple con las regulaciones de la UE.            <\/div>\n        <\/div>\n            <\/div>\n        \n[\/vc_column][\/vc_row][vc_row][vc_column][vc_empty_space height=&#8221;60px&#8221;][\/vc_column][\/vc_row][vc_row][vc_column][vc_single_image image=&#8221;1253&#8243; img_size=&#8221;full&#8221;][\/vc_column][\/vc_row][vc_row][vc_column][vc_empty_space height=&#8221;60px&#8221;][\/vc_column][\/vc_row][vc_row][vc_column width=&#8221;1\/2&#8243;][vc_video link=&#8221;https:\/\/youtu.be\/ZaOZY1A4xpw&#8221;][\/vc_column][vc_column width=&#8221;1\/2&#8243; css=&#8221;.vc_custom_1715051452522{padding-top: 70px !important;}&#8221;][vc_btn title=&#8221;DESCARGAR FICHA T\u00c9CNICA&#8221; color=&#8221;warning&#8221; align=&#8221;center&#8221; link=&#8221;url:https%3A%2F%2Fwww.hcforklift.com%2Fupload%2Ffiles%2FXC%2520series%2520electric%2520forklift%2520with%2520Li-Ion%2520power%25204.0-5.0t.pdf|title:DESCARGAR%20FICHA%20T%C3%89CNICA%20|target:_blank&#8221;][\/vc_column][\/vc_row]<\/p>\n<\/div>","protected":false},"excerpt":{"rendered":"<p>[vc_row][vc_column][vc_column_text] La nueva serie XC 4-5t de montacargas el\u00e9ctricos de energ\u00eda renovable extiende su capacidad de carga sobre la base de los veh\u00edculos con bater\u00edas de litio de la serie XC 1-3.5t de Hangcha Group. Toda la serie incluye modelos con bater\u00edas de litio desarrollados espec\u00edficamente seg\u00fan las caracter\u00edsticas de estas bater\u00edas. [\/vc_column_text][vc_empty_space height=&#8221;60px&#8221;][\/vc_column][\/vc_row][vc_row][vc_column width=&#8221;1\/3&#8243;][vc_single_image [&hellip;]<\/p>\n","protected":false},"featured_media":1249,"template":"","meta":{"_joinchat":[]},"product_cat":[89,88,87],"product_tag":[],"class_list":{"0":"post-1243","1":"product","2":"type-product","3":"status-publish","4":"has-post-thumbnail","6":"product_cat-electricos","7":"product_cat-hangcha","8":"product_cat-montacargas","10":"first","11":"instock","12":"taxable","13":"shipping-taxable","14":"purchasable","15":"product-type-simple"},"_links":{"self":[{"href":"https:\/\/www.delpyg.com\/Montacargas\/wp-json\/wp\/v2\/product\/1243","targetHints":{"allow":["GET"]}}],"collection":[{"href":"https:\/\/www.delpyg.com\/Montacargas\/wp-json\/wp\/v2\/product"}],"about":[{"href":"https:\/\/www.delpyg.com\/Montacargas\/wp-json\/wp\/v2\/types\/product"}],"wp:featuredmedia":[{"embeddable":true,"href":"https:\/\/www.delpyg.com\/Montacargas\/wp-json\/wp\/v2\/media\/1249"}],"wp:attachment":[{"href":"https:\/\/www.delpyg.com\/Montacargas\/wp-json\/wp\/v2\/media?parent=1243"}],"wp:term":[{"taxonomy":"product_cat","embeddable":true,"href":"https:\/\/www.delpyg.com\/Montacargas\/wp-json\/wp\/v2\/product_cat?post=1243"},{"taxonomy":"product_tag","embeddable":true,"href":"https:\/\/www.delpyg.com\/Montacargas\/wp-json\/wp\/v2\/product_tag?post=1243"}],"curies":[{"name":"wp","href":"https:\/\/api.w.org\/{rel}","templated":true}]}}