{"id":1509,"date":"2024-05-16T17:06:57","date_gmt":"2024-05-16T15:06:57","guid":{"rendered":"https:\/\/www.delpyg.com\/Montacargas\/?post_type=product&#038;p=1509"},"modified":"2024-05-16T17:23:24","modified_gmt":"2024-05-16T15:23:24","slug":"serie-xh-de-6-10t","status":"publish","type":"product","link":"https:\/\/www.delpyg.com\/Montacargas\/product\/serie-xh-de-6-10t\/","title":{"rendered":"Serie XH de 6-10t"},"content":{"rendered":"<div class=\"wpb-content-wrapper\"><p>[vc_row][vc_column][vc_column_text css=&#8221;&#8221;]<\/p>\n<p style=\"text-align: justify;\">Desarrollada independientemente por Hangcha sobre la base de d\u00e9cadas de profundo entendimiento de montacargas el\u00e9ctricos y de combusti\u00f3n interna, la serie XH de montacargas de bater\u00eda de litio de alta tensi\u00f3n dedicada para trabajos pesados es una nueva serie de productos con una plataforma de voltaje de veh\u00edculo de nueva energ\u00eda y una estructura especial pionera que representa un avance sobre el concepto de dise\u00f1o tradicional. Al superar la percepci\u00f3n de los montacargas el\u00e9ctricos de accionamiento, esta serie de productos supera a los montacargas de combusti\u00f3n interna y redefine la nueva generaci\u00f3n de montacargas el\u00e9ctricos en t\u00e9rminos de eficiencia, potencia, confiabilidad, entre otros aspectos.<\/p>\n<p>[\/vc_column_text][vc_empty_space height=&#8221;60px&#8221;][\/vc_column][\/vc_row][vc_row][vc_column width=&#8221;1\/3&#8243;][vc_single_image image=&#8221;1510&#8243; img_size=&#8221;full&#8221; css=&#8221;&#8221;][vc_custom_heading text=&#8221;Bater\u00eda est\u00e1ndar de gran capacidad de litio&#8221; font_container=&#8221;tag:h6|text_align:center&#8221; google_fonts=&#8221;font_family:GFS%20Neohellenic%3Aregular%2Citalic%2C700%2C700italic|font_style:700%20bold%20regular%3A700%3Anormal&#8221; css=&#8221;&#8221;][\/vc_column][vc_column width=&#8221;1\/3&#8243;][vc_single_image image=&#8221;1511&#8243; img_size=&#8221;full&#8221; css=&#8221;&#8221;][vc_custom_heading text=&#8221;Compatible con la estaci\u00f3n de carga para autom\u00f3viles para facilitar la carga m\u00e1s conveniente;&#8221; font_container=&#8221;tag:h6|text_align:center&#8221; google_fonts=&#8221;font_family:GFS%20Neohellenic%3Aregular%2Citalic%2C700%2C700italic|font_style:700%20bold%20regular%3A700%3Anormal&#8221; css=&#8221;&#8221;][\/vc_column][vc_column width=&#8221;1\/3&#8243;][vc_single_image image=&#8221;1512&#8243; img_size=&#8221;full&#8221; css=&#8221;&#8221;][vc_custom_heading text=&#8221;En cuanto a la serie de productos, por primera vez se utiliza un sistema de enfriamiento por agua con un buen efecto de disipaci\u00f3n de calor en un montacargas de nueva energ\u00eda, lo que permite que el montacargas realice operaciones de larga duraci\u00f3n y alta intensidad como los montacargas de combusti\u00f3n interna.&#8221; font_container=&#8221;tag:h6|text_align:center&#8221; google_fonts=&#8221;font_family:GFS%20Neohellenic%3Aregular%2Citalic%2C700%2C700italic|font_style:700%20bold%20regular%3A700%3Anormal&#8221; css=&#8221;&#8221;][\/vc_column][\/vc_row][vc_row][vc_column width=&#8221;1\/3&#8243;][vc_single_image image=&#8221;1513&#8243; img_size=&#8221;full&#8221; css=&#8221;&#8221;][vc_custom_heading text=&#8221;El sistema el\u00e9ctrico est\u00e1 equipado con bloqueos de alta tensi\u00f3n, detecci\u00f3n de aislamiento y medios de seguridad de grado vehicular. El interruptor de mantenimiento MSD permite un apagado de energ\u00eda con un solo clic y un mantenimiento m\u00e1s seguro.&#8221; font_container=&#8221;tag:h6|text_align:center&#8221; google_fonts=&#8221;font_family:GFS%20Neohellenic%3Aregular%2Citalic%2C700%2C700italic|font_style:700%20bold%20regular%3A700%3Anormal&#8221; css=&#8221;&#8221;][\/vc_column][vc_column width=&#8221;1\/3&#8243;][vc_single_image image=&#8221;1514&#8243; img_size=&#8221;full&#8221; css=&#8221;&#8221;][vc_custom_heading text=&#8221;La configuraci\u00f3n est\u00e1ndar proporciona una funci\u00f3n de amortiguaci\u00f3n para el descenso de la horquilla. Adem\u00e1s, se ofrece una funci\u00f3n de control electr\u00f3nico opcional para amortiguar el ascenso de la horquilla para proteger la carga de ca\u00eddas y da\u00f1os al suelo.&#8221; font_container=&#8221;tag:h6|text_align:center&#8221; google_fonts=&#8221;font_family:GFS%20Neohellenic%3Aregular%2Citalic%2C700%2C700italic|font_style:700%20bold%20regular%3A700%3Anormal&#8221; css=&#8221;&#8221;][\/vc_column][\/vc_row][vc_row][vc_column][vc_empty_space height=&#8221;60px&#8221;][\/vc_column][\/vc_row][vc_row][vc_column width=&#8221;1\/2&#8243;]\n    <div class=\"wprt-accordions style-2 \">\n                <div class=\"accordion-item no-icon active\">\n            <h3 class=\"accordion-heading\">\n                <span class=\"inner\"> F\u00e1cilmente mantenible<\/span>\n            <\/h3>\n            <div class=\"accordion-content\">\n                La tapa del tanque de agua se puede quitar r\u00e1pida y f\u00e1cilmente sin necesidad de herramientas para permitir un \u00e1rea de operaci\u00f3n amplia para limpieza y mantenimiento.            <\/div>\n        <\/div>\n                <div class=\"accordion-item no-icon \">\n            <h3 class=\"accordion-heading\">\n                <span class=\"inner\">Seguridad<\/span>\n            <\/h3>\n            <div class=\"accordion-content\">\n                La cubierta del veh\u00edculo est\u00e1 dise\u00f1ada para sellarse hasta el nivel de resistencia al agua IPX4 para el cuerpo. Todos los motores, controles electr\u00f3nicos y componentes de alta tensi\u00f3n alcanzan el nivel de resistencia al polvo y al agua IP67, un nivel de protecci\u00f3n alto adecuado para soportar entornos operativos dif\u00edciles y garantizar seguridad y confiabilidad.            <\/div>\n        <\/div>\n            <\/div>\n        \n[\/vc_column][vc_column width=&#8221;1\/2&#8243;]\n    <div class=\"wprt-accordions style-2 \">\n                <div class=\"accordion-item no-icon \">\n            <h3 class=\"accordion-heading\">\n                <span class=\"inner\">Avance<\/span>\n            <\/h3>\n            <div class=\"accordion-content\">\n                Tanto los sistemas de conducci\u00f3n como los sistemas operativos son sistemas de sincronizaci\u00f3n de imanes permanentes de grado vehicular, equipados con una caja de cambios de alta relaci\u00f3n de velocidad con una velocidad de conducci\u00f3n, grado de pendiente y rendimiento de aceleraci\u00f3n que rivalizan con los de los veh\u00edculos de combusti\u00f3n interna, y un rendimiento ambiental mejor que el de los veh\u00edculos de combusti\u00f3n interna.            <\/div>\n        <\/div>\n                <div class=\"accordion-item no-icon \">\n            <h3 class=\"accordion-heading\">\n                <span class=\"inner\">Seguridad<\/span>\n            <\/h3>\n            <div class=\"accordion-content\">\n                La cubierta del veh\u00edculo est\u00e1 dise\u00f1ada para sellarse al nivel de resistencia al agua IPX4. Todos los motores, controles electr\u00f3nicos y componentes de alta tensi\u00f3n alcanzan el nivel de resistencia al polvo y al agua IP67, un nivel de protecci\u00f3n alto adecuado para resistir entornos operativos adversos y garantizar la seguridad y confiabilidad.            <\/div>\n        <\/div>\n            <\/div>\n        \n[\/vc_column][\/vc_row][vc_row][vc_column][vc_empty_space height=&#8221;60px&#8221;][\/vc_column][\/vc_row][vc_row][vc_column][vc_single_image image=&#8221;1515&#8243; img_size=&#8221;full&#8221; css=&#8221;&#8221;][\/vc_column][\/vc_row][vc_row][vc_column][vc_empty_space height=&#8221;60px&#8221;][\/vc_column][\/vc_row][vc_row][vc_column css=&#8221;.vc_custom_1713581268318{margin-top: 50px !important;}&#8221;][vc_btn title=&#8221;DESCARGAR FICHA T\u00c9CNICA&#8221; style=&#8221;classic&#8221; color=&#8221;orange&#8221; align=&#8221;center&#8221; i_align=&#8221;right&#8221; i_icon_fontawesome=&#8221;fas fa-angle-double-down&#8221; css=&#8221;&#8221; button_block=&#8221;true&#8221; add_icon=&#8221;true&#8221; link=&#8221;url:https%3A%2F%2Fwww.hcforklift.com%2Fupload%2Ffiles%2F33dc516a0a8e63858da3018880613f50.pdf|title:DESCARGAR%20FICHA%20T%C3%89CNICA|target:_blank&#8221;][\/vc_column][\/vc_row]<\/p>\n<\/div>","protected":false},"excerpt":{"rendered":"<p>[vc_row][vc_column][vc_column_text css=&#8221;&#8221;] Desarrollada independientemente por Hangcha sobre la base de d\u00e9cadas de profundo entendimiento de montacargas el\u00e9ctricos y de combusti\u00f3n interna, la serie XH de montacargas de bater\u00eda de litio de alta tensi\u00f3n dedicada para trabajos pesados es una nueva serie de productos con una plataforma de voltaje de veh\u00edculo de nueva energ\u00eda y una [&hellip;]<\/p>\n","protected":false},"featured_media":1516,"template":"","meta":{"_joinchat":[]},"product_cat":[89,88,87],"product_tag":[],"class_list":{"0":"post-1509","1":"product","2":"type-product","3":"status-publish","4":"has-post-thumbnail","6":"product_cat-electricos","7":"product_cat-hangcha","8":"product_cat-montacargas","10":"first","11":"instock","12":"taxable","13":"shipping-taxable","14":"purchasable","15":"product-type-simple"},"_links":{"self":[{"href":"https:\/\/www.delpyg.com\/Montacargas\/wp-json\/wp\/v2\/product\/1509","targetHints":{"allow":["GET"]}}],"collection":[{"href":"https:\/\/www.delpyg.com\/Montacargas\/wp-json\/wp\/v2\/product"}],"about":[{"href":"https:\/\/www.delpyg.com\/Montacargas\/wp-json\/wp\/v2\/types\/product"}],"wp:featuredmedia":[{"embeddable":true,"href":"https:\/\/www.delpyg.com\/Montacargas\/wp-json\/wp\/v2\/media\/1516"}],"wp:attachment":[{"href":"https:\/\/www.delpyg.com\/Montacargas\/wp-json\/wp\/v2\/media?parent=1509"}],"wp:term":[{"taxonomy":"product_cat","embeddable":true,"href":"https:\/\/www.delpyg.com\/Montacargas\/wp-json\/wp\/v2\/product_cat?post=1509"},{"taxonomy":"product_tag","embeddable":true,"href":"https:\/\/www.delpyg.com\/Montacargas\/wp-json\/wp\/v2\/product_tag?post=1509"}],"curies":[{"name":"wp","href":"https:\/\/api.w.org\/{rel}","templated":true}]}}