{"id":1591,"date":"2024-05-20T19:54:49","date_gmt":"2024-05-20T17:54:49","guid":{"rendered":"https:\/\/www.delpyg.com\/Montacargas\/?post_type=product&#038;p=1591"},"modified":"2024-05-20T21:03:31","modified_gmt":"2024-05-20T19:03:31","slug":"solid-pro","status":"publish","type":"product","link":"https:\/\/www.delpyg.com\/Montacargas\/product\/solid-pro\/","title":{"rendered":"SOLID PRO"},"content":{"rendered":"<p>Dise\u00f1o \u00f3ptimo para cualquier uso<\/p>\n<p>Modelo de Banda de rodadura m\u00faltiple le proporciona una conducci\u00f3n y frenado potente, as\u00ed como una gran estabilidad.<\/p>\n","protected":false},"excerpt":{"rendered":"<p>Dise\u00f1o \u00f3ptimo para cualquier uso Modelo de Banda de rodadura m\u00faltiple le proporciona una conducci\u00f3n y frenado potente, as\u00ed como una gran estabilidad.<\/p>\n","protected":false},"featured_media":1592,"template":"","meta":{"_joinchat":[]},"product_cat":[34,73,74],"product_tag":[],"class_list":{"0":"post-1591","1":"product","2":"type-product","3":"status-publish","4":"has-post-thumbnail","6":"product_cat-llantas","7":"product_cat-nexen","8":"product_cat-solidas-nexen","10":"first","11":"instock","12":"taxable","13":"shipping-taxable","14":"purchasable","15":"product-type-simple"},"_links":{"self":[{"href":"https:\/\/www.delpyg.com\/Montacargas\/wp-json\/wp\/v2\/product\/1591","targetHints":{"allow":["GET"]}}],"collection":[{"href":"https:\/\/www.delpyg.com\/Montacargas\/wp-json\/wp\/v2\/product"}],"about":[{"href":"https:\/\/www.delpyg.com\/Montacargas\/wp-json\/wp\/v2\/types\/product"}],"wp:featuredmedia":[{"embeddable":true,"href":"https:\/\/www.delpyg.com\/Montacargas\/wp-json\/wp\/v2\/media\/1592"}],"wp:attachment":[{"href":"https:\/\/www.delpyg.com\/Montacargas\/wp-json\/wp\/v2\/media?parent=1591"}],"wp:term":[{"taxonomy":"product_cat","embeddable":true,"href":"https:\/\/www.delpyg.com\/Montacargas\/wp-json\/wp\/v2\/product_cat?post=1591"},{"taxonomy":"product_tag","embeddable":true,"href":"https:\/\/www.delpyg.com\/Montacargas\/wp-json\/wp\/v2\/product_tag?post=1591"}],"curies":[{"name":"wp","href":"https:\/\/api.w.org\/{rel}","templated":true}]}}